{"id":1053,"date":"2019-05-29T10:30:05","date_gmt":"2019-05-29T10:30:05","guid":{"rendered":"https:\/\/www.portoforno.com\/?page_id=1053\/"},"modified":"2019-05-29T14:05:47","modified_gmt":"2019-05-29T14:05:47","slug":"instrucciones-de-uso-para-su-horno-de-lena","status":"publish","type":"page","link":"https:\/\/www.portoforno.com\/es\/barbecue\/instrucciones-de-uso-para-su-horno-de-lena\/","title":{"rendered":"Instrucciones de uso para su horno de le\u00f1a"},"content":{"rendered":"<h3 style=\"text-align: left;\"><span class=\"highlight\" >Instrucciones de uso para su horno de le\u00f1a<\/span>\n<\/h3>\n<h3><a href=\"https:\/\/www.portoforno.com\/wp-content\/uploads\/2019\/05\/T\u00e9rminos-y-condiciones-de-GARANT\u00cdA-1.pdf\"><i class=\"icon-book\" style=\"\"><\/i>GARANT\u00cdA<\/a><\/h3>\n<h3><a href=\"https:\/\/www.portoforno.com\/wp-content\/uploads\/2019\/05\/Recetas-Hornos-de-Le\u00f1a-1.pdf\"><i class=\"icon-book\" style=\"\"><\/i>Recetas Hornos de Le\u00f1a<\/a><\/h3>\n<h3><a href=\"https:\/\/www.portoforno.com\/wp-content\/uploads\/2019\/05\/1.Instruciones-IMPORTANTE.pdf\"><i class=\"icon-book\" style=\"\"><\/i>Instruciones IMPORTANTE<\/a><\/h3>\n<h3><a href=\"https:\/\/www.portoforno.com\/wp-content\/uploads\/2019\/05\/montaje-del-carro.pdf\"><i class=\"icon-book\" style=\"\"><\/i>montaje del carro<\/a><\/h3>\n<p>Como hacer el primer fuego<\/p>\n<p><iframe loading=\"lazy\" src=\"https:\/\/www.youtube.com\/embed\/7fGkgfiwYPc\" width=\"545\" height=\"409\" frameborder=\"0\" allowfullscreen=\"allowfullscreen\"><\/iframe><\/p>\n<p>C\u00f3mo reparar grietas<\/p>\n<p><iframe loading=\"lazy\" src=\"https:\/\/www.youtube.com\/embed\/5t_AUwPvHSU\" width=\"545\" height=\"409\" frameborder=\"0\" allowfullscreen=\"allowfullscreen\"><\/iframe><\/p>\n<p>C\u00f3mo utilizar un horno de le\u00f1a<\/p>\n<p><iframe loading=\"lazy\" src=\"https:\/\/www.youtube.com\/embed\/2TWODIZbBr0\" width=\"560\" height=\"315\" frameborder=\"0\" allowfullscreen=\"allowfullscreen\" data-mce-fragment=\"1\"><\/iframe><\/p>\n<p>Montaje del soporte<\/p>\n<p><iframe loading=\"lazy\" src=\"https:\/\/www.youtube.com\/embed\/5t_AUwPvHSU\" width=\"560\" height=\"315\" frameborder=\"0\" allowfullscreen=\"allowfullscreen\"><\/iframe><\/p>\n","protected":false},"excerpt":{"rendered":"<p>GARANT\u00cdA Recetas Hornos de Le\u00f1a Instruciones IMPORTANTE montaje del carro Como hacer el primer fuego C\u00f3mo reparar grietas C\u00f3mo utilizar un horno de le\u00f1a Montaje del<span class=\"excerpt-hellip\"> [\u2026]<\/span><\/p>\n","protected":false},"author":2,"featured_media":0,"parent":933,"menu_order":0,"comment_status":"closed","ping_status":"closed","template":"","meta":[],"yst_prominent_words":[],"_links":{"self":[{"href":"https:\/\/www.portoforno.com\/es\/wp-json\/wp\/v2\/pages\/1053"}],"collection":[{"href":"https:\/\/www.portoforno.com\/es\/wp-json\/wp\/v2\/pages"}],"about":[{"href":"https:\/\/www.portoforno.com\/es\/wp-json\/wp\/v2\/types\/page"}],"author":[{"embeddable":true,"href":"https:\/\/www.portoforno.com\/es\/wp-json\/wp\/v2\/users\/2"}],"replies":[{"embeddable":true,"href":"https:\/\/www.portoforno.com\/es\/wp-json\/wp\/v2\/comments?post=1053"}],"version-history":[{"count":9,"href":"https:\/\/www.portoforno.com\/es\/wp-json\/wp\/v2\/pages\/1053\/revisions"}],"predecessor-version":[{"id":1080,"href":"https:\/\/www.portoforno.com\/es\/wp-json\/wp\/v2\/pages\/1053\/revisions\/1080"}],"up":[{"embeddable":true,"href":"https:\/\/www.portoforno.com\/es\/wp-json\/wp\/v2\/pages\/933"}],"wp:attachment":[{"href":"https:\/\/www.portoforno.com\/es\/wp-json\/wp\/v2\/media?parent=1053"}],"wp:term":[{"taxonomy":"yst_prominent_words","embeddable":true,"href":"https:\/\/www.portoforno.com\/es\/wp-json\/wp\/v2\/yst_prominent_words?post=1053"}],"curies":[{"name":"wp","href":"https:\/\/api.w.org\/{rel}","templated":true}]}}