{"id":941,"date":"2019-05-10T15:16:25","date_gmt":"2019-05-10T15:16:25","guid":{"rendered":"https:\/\/www.portoforno.com\/?page_id=941\/"},"modified":"2023-04-19T09:50:33","modified_gmt":"2023-04-19T09:50:33","slug":"instrucciones-de-uso-para-tu-maximus","status":"publish","type":"page","link":"https:\/\/www.portoforno.com\/es\/barbecue\/instrucciones-de-uso-para-tu-maximus\/","title":{"rendered":"Instrucciones de uso para tu Maximus"},"content":{"rendered":"<h3><span class=\"highlight\" >Instrucciones de uso para tu Maximus<\/span>\n<\/h3>\n<h3><a href=\"https:\/\/www.portoforno.com\/wp-content\/uploads\/2019\/05\/T\u00e9rminos-y-condiciones-de-GARANT\u00cdA.pdf\" target=\"_blank\" rel=\"noopener noreferrer\"><i class=\"icon-book\" style=\"\"><\/i>T\u00e9rminos-y-condiciones-de-GARANT\u00cdA<\/a><\/h3>\n<h3><a href=\"https:\/\/www.portoforno.com\/wp-content\/uploads\/2019\/05\/Recetas-Hornos-de-Le\u00f1a.pdf\" target=\"_blank\" rel=\"noopener noreferrer\"><i class=\"icon-book\" style=\"\"><\/i>Recetas Hornos de Le\u00f1a<\/a><\/h3>\n<h3><a href=\"https:\/\/www.portoforno.com\/wp-content\/uploads\/2023\/04\/Instrucao-de-utilizacao-Maximus-ES.pdf\" target=\"_blank\" rel=\"noopener noreferrer\"><i class=\"icon-book\" style=\"\"><\/i>Instru\u00e7ao de utiliza\u00e7ao Maximus<\/a><\/h3>\n<h3><a href=\"https:\/\/www.portoforno.com\/wp-content\/uploads\/2023\/04\/assembly-instruction-ES-Atlas.pdf\" target=\"_blank\" rel=\"noopener noreferrer\"><i class=\"icon-book\" style=\"\"><\/i>Montaje del carro ATLAS<\/a><\/h3>\n<h3><a href=\"https:\/\/www.portoforno.com\/wp-content\/uploads\/2023\/04\/esquema-de-montaje-maximus.pdf\" target=\"_blank\" rel=\"noopener noreferrer\"><i class=\"icon-lamp\" style=\"\"><\/i>Montaje del suporte &#8211; Maximus<\/a><\/h3>\n<h3><a href=\"https:\/\/www.portoforno.com\/wp-content\/uploads\/2023\/03\/Maximus-Prime-carrinho-mont.pdf\" target=\"_blank\" rel=\"noopener noreferrer\"><i class=\"icon-lamp\" style=\"\"><\/i>Montaje del suporte &#8211; Prime<\/a><\/h3>\n<h3 style=\"text-align: left;\"><a href=\"https:\/\/www.portoforno.com\/es\/recetas-de-video\/\" target=\"_blank\" rel=\"noopener noreferrer\"><i class=\"icon-book\" style=\"\"><\/i>Recetas de video<\/a><\/h3>\n<p>Como hacer el primer fuego<\/p>\n<p><iframe loading=\"lazy\" src=\"https:\/\/www.youtube.com\/embed\/_nhv0HAx8aE\" width=\"560\" height=\"315\" frameborder=\"0\" allowfullscreen=\"allowfullscreen\"><\/iframe><\/p>\n<div class=\"input-wrapper style-scope paper-input-container\">\n<h3><span class=\"highlight\" style=\"background-color:orange;color:white;\">Videos sobre c\u00f3mo puede cocinar focaccia, pan y pizza con su horno:<\/span>\n<\/h3>\n<h3><iframe loading=\"lazy\" src=\"https:\/\/www.youtube.com\/embed\/HUNNVaY2-5A\" width=\"560\" height=\"315\" frameborder=\"0\" allowfullscreen=\"allowfullscreen\"><\/iframe><\/h3>\n<\/div>\n<p><iframe loading=\"lazy\" src=\"https:\/\/www.youtube.com\/embed\/V11GzrUZuFU\" width=\"560\" height=\"315\" frameborder=\"0\" allowfullscreen=\"allowfullscreen\"><\/iframe><\/p>\n<p><iframe loading=\"lazy\" src=\"https:\/\/www.youtube.com\/embed\/YI6gmrO0h1M\" width=\"560\" height=\"315\" frameborder=\"0\" allowfullscreen=\"allowfullscreen\"><\/iframe><\/p>\n<p>&nbsp;<\/p>\n","protected":false},"excerpt":{"rendered":"<p>T\u00e9rminos-y-condiciones-de-GARANT\u00cdA Recetas Hornos de Le\u00f1a Instru\u00e7ao de utiliza\u00e7ao Maximus Montaje del carro ATLAS Montaje del suporte &#8211; Maximus Montaje del suporte &#8211; Prime Recetas de video<span class=\"excerpt-hellip\"> [\u2026]<\/span><\/p>\n","protected":false},"author":2,"featured_media":0,"parent":933,"menu_order":0,"comment_status":"closed","ping_status":"closed","template":"","meta":[],"yst_prominent_words":[111,114],"_links":{"self":[{"href":"https:\/\/www.portoforno.com\/es\/wp-json\/wp\/v2\/pages\/941"}],"collection":[{"href":"https:\/\/www.portoforno.com\/es\/wp-json\/wp\/v2\/pages"}],"about":[{"href":"https:\/\/www.portoforno.com\/es\/wp-json\/wp\/v2\/types\/page"}],"author":[{"embeddable":true,"href":"https:\/\/www.portoforno.com\/es\/wp-json\/wp\/v2\/users\/2"}],"replies":[{"embeddable":true,"href":"https:\/\/www.portoforno.com\/es\/wp-json\/wp\/v2\/comments?post=941"}],"version-history":[{"count":28,"href":"https:\/\/www.portoforno.com\/es\/wp-json\/wp\/v2\/pages\/941\/revisions"}],"predecessor-version":[{"id":1520,"href":"https:\/\/www.portoforno.com\/es\/wp-json\/wp\/v2\/pages\/941\/revisions\/1520"}],"up":[{"embeddable":true,"href":"https:\/\/www.portoforno.com\/es\/wp-json\/wp\/v2\/pages\/933"}],"wp:attachment":[{"href":"https:\/\/www.portoforno.com\/es\/wp-json\/wp\/v2\/media?parent=941"}],"wp:term":[{"taxonomy":"yst_prominent_words","embeddable":true,"href":"https:\/\/www.portoforno.com\/es\/wp-json\/wp\/v2\/yst_prominent_words?post=941"}],"curies":[{"name":"wp","href":"https:\/\/api.w.org\/{rel}","templated":true}]}}