{"id":731,"date":"2019-05-06T16:11:07","date_gmt":"2019-05-06T16:11:07","guid":{"rendered":"https:\/\/www.portoforno.com\/?page_id=731\/"},"modified":"2022-02-01T17:55:34","modified_gmt":"2022-02-01T17:55:34","slug":"instructions-dutilisations-pour-votre-four-en-brique","status":"publish","type":"page","link":"https:\/\/www.portoforno.com\/fr\/barbecue\/instructions-dutilisations-pour-votre-four-en-brique\/","title":{"rendered":"Instructions d&rsquo;utilisations pour votre four en brique"},"content":{"rendered":"<h3 style=\"text-align: left;\"><span class=\"highlight\" >Instructions d&rsquo;utilisations pour votre four en brique<\/span>\n<\/h3>\n<h3><a href=\"https:\/\/www.portoforno.com\/wp-content\/uploads\/2019\/05\/GARANTIE.pdf\" target=\"_blank\" rel=\"noopener noreferrer\"><i class=\"icon-book\" style=\"\"><\/i>Garantie<\/a><\/h3>\n<h3><a href=\"https:\/\/www.portoforno.com\/wp-content\/uploads\/2019\/05\/Montage-du-charriot.pdf\" target=\"_blank\" rel=\"noopener noreferrer\"><i class=\"icon-book\" style=\"\"><\/i>Montage du chariot<\/a><\/h3>\n<h3><a href=\"https:\/\/www.portoforno.com\/wp-content\/uploads\/2019\/05\/Livre-de-recettes-pour-four-\u00e0-bois-My_Barbecue.pdf\"><i class=\"icon-book\" style=\"\"><\/i><\/a><a href=\"https:\/\/www.portoforno.com\/wp-content\/uploads\/2019\/05\/Livre-de-recettes-pour-four-\u00e0-bois-My_Barbecue.pdf\" target=\"_blank\" rel=\"noopener noreferrer\">Livre de recettes pour four \u00e0 bois-My-Barbecue<\/a><\/h3>\n<h3><a href=\"https:\/\/www.portoforno.com\/wp-content\/uploads\/2019\/05\/1.\u00c1-lire-Utilisation-de-votre-four.pdf\" target=\"_blank\" rel=\"noopener noreferrer\"><i class=\"icon-book\" style=\"\"><\/i>Utilisation de votre four<\/a><\/h3>\n<h3><a href=\"https:\/\/www.portoforno.com\/wp-content\/uploads\/2019\/05\/2.Kit-Sp\u00e9cial-ULTRAFIRE-Contre-fissures-exterieurs.pdf\" target=\"_blank\" rel=\"noopener noreferrer\"><i class=\"icon-book\" style=\"\"><\/i>Kit Sp\u00e9cial ULTRAFIRE &#8211; Contre fissures exterieurs<\/a><\/h3>\n<h3><a href=\"https:\/\/www.portoforno.com\/wp-content\/uploads\/2022\/02\/PromotionsFR-Four.pdf\"><i class=\"icon-book\" style=\"\"><\/i>Promotions-Four \u00e0 bois-25\u20ac<\/a><\/h3>\n<p><strong>Instruction pour les premiers feux sur votre Four \u00e1 Bois<\/strong><\/p>\n<p><iframe loading=\"lazy\" src=\"https:\/\/www.youtube.com\/embed\/3I4yJY9sy3k\" width=\"560\" height=\"315\" frameborder=\"0\" allowfullscreen=\"allowfullscreen\"><\/iframe><\/p>\n<p><strong>Mode d&rsquo;Utilisation de Ultrafire\u00a0<\/strong><\/p>\n<p><iframe loading=\"lazy\" src=\"https:\/\/www.youtube.com\/embed\/OT_2sc2WPlg\" width=\"560\" height=\"315\" frameborder=\"0\" allowfullscreen=\"allowfullscreen\"><\/iframe><\/p>\n<p><strong>Montage du Charriot<\/strong><br \/>\n<iframe loading=\"lazy\" src=\"https:\/\/www.youtube.com\/embed\/BqSvFVAt2Gk\" width=\"560\" height=\"315\" frameborder=\"0\" allowfullscreen=\"allowfullscreen\"><\/iframe><\/p>\n","protected":false},"excerpt":{"rendered":"<p>Garantie Montage du chariot Livre de recettes pour four \u00e0 bois-My-Barbecue Utilisation de votre four Kit Sp\u00e9cial ULTRAFIRE &#8211; Contre fissures exterieurs Promotions-Four \u00e0 bois-25\u20ac Instruction<span class=\"excerpt-hellip\"> [\u2026]<\/span><\/p>\n","protected":false},"author":2,"featured_media":0,"parent":668,"menu_order":0,"comment_status":"closed","ping_status":"closed","template":"","meta":[],"yst_prominent_words":[111,110,109,104,108,112,107],"_links":{"self":[{"href":"https:\/\/www.portoforno.com\/fr\/wp-json\/wp\/v2\/pages\/731"}],"collection":[{"href":"https:\/\/www.portoforno.com\/fr\/wp-json\/wp\/v2\/pages"}],"about":[{"href":"https:\/\/www.portoforno.com\/fr\/wp-json\/wp\/v2\/types\/page"}],"author":[{"embeddable":true,"href":"https:\/\/www.portoforno.com\/fr\/wp-json\/wp\/v2\/users\/2"}],"replies":[{"embeddable":true,"href":"https:\/\/www.portoforno.com\/fr\/wp-json\/wp\/v2\/comments?post=731"}],"version-history":[{"count":23,"href":"https:\/\/www.portoforno.com\/fr\/wp-json\/wp\/v2\/pages\/731\/revisions"}],"predecessor-version":[{"id":1429,"href":"https:\/\/www.portoforno.com\/fr\/wp-json\/wp\/v2\/pages\/731\/revisions\/1429"}],"up":[{"embeddable":true,"href":"https:\/\/www.portoforno.com\/fr\/wp-json\/wp\/v2\/pages\/668"}],"wp:attachment":[{"href":"https:\/\/www.portoforno.com\/fr\/wp-json\/wp\/v2\/media?parent=731"}],"wp:term":[{"taxonomy":"yst_prominent_words","embeddable":true,"href":"https:\/\/www.portoforno.com\/fr\/wp-json\/wp\/v2\/yst_prominent_words?post=731"}],"curies":[{"name":"wp","href":"https:\/\/api.w.org\/{rel}","templated":true}]}}